{"id":4288,"date":"2024-07-10T08:38:37","date_gmt":"2024-07-10T08:38:37","guid":{"rendered":"https:\/\/tspower.eu\/?page_id=4288"},"modified":"2025-07-03T12:03:23","modified_gmt":"2025-07-03T12:03:23","slug":"contatti-info","status":"publish","type":"page","link":"https:\/\/tspower.eu\/en\/contatti-info\/","title":{"rendered":"Chiedi informazioni: contatta TS Power"},"content":{"rendered":"\n<div class=\"wp-block-columns is-layout-flex wp-container-core-columns-is-layout-28f84493 wp-block-columns-is-layout-flex\">\n<div class=\"wp-block-column has-background is-content-justification-left is-layout-constrained wp-container-core-column-is-layout-fadec2bf wp-block-column-is-layout-constrained\" style=\"background-color:#f9f9f9;padding-top:var(--wp--preset--spacing--70);padding-right:var(--wp--preset--spacing--60);padding-bottom:var(--wp--preset--spacing--70);padding-left:var(--wp--preset--spacing--60)\"><nav style=\"color: #009de0;\" class=\"has-text-color  is-vertical no-wrap wp-block-navigation is-nowrap is-layout-flex wp-container-core-navigation-is-layout-3655d5c7 wp-block-navigation-is-layout-flex\" aria-label=\"Contatti\"><ul style=\"color: #009de0;\" class=\"wp-block-navigation__container has-text-color  is-vertical no-wrap wp-block-navigation\"><li class=\" wp-block-navigation-item wp-block-navigation-link\"><a class=\"wp-block-navigation-item__content\"  href=\"https:\/\/tspower.eu\/contatti-info\/\"><span class=\"wp-block-navigation-item__label\">Contattaci<\/span><\/a><\/li><\/ul><ul style=\"color: #009de0;\" class=\"wp-block-navigation__container has-text-color  is-vertical no-wrap wp-block-navigation\"><li class=\" wp-block-navigation-item wp-block-navigation-link\"><a class=\"wp-block-navigation-item__content\"  href=\"https:\/\/tspower.eu\/partner-installatori-impianti-fotovoltaici\/\" title=\"Diventa installatore certificato TS Power\"><span class=\"wp-block-navigation-item__label\">Diventa installatore certificato<\/span><span class=\"wp-block-navigation-item__description\">Sei un installatore? Lavora con noi<\/span><\/a><\/li><li class=\" wp-block-navigation-item wp-block-navigation-link\"><a class=\"wp-block-navigation-item__content\"  href=\"https:\/\/tspower.eu\/assistenza-tecnica\/\" title=\"Chiedi assistenza e supporto\"><span class=\"wp-block-navigation-item__label\">Assistenza e supporto<\/span><span class=\"wp-block-navigation-item__description\">Chiedi assistenza per un prodotto o supporto per l&#8217;installazione<\/span><\/a><\/li><\/ul><\/nav><\/div>\n\n\n\n<div class=\"wp-block-column has-white-background-color has-background is-layout-flow wp-block-column-is-layout-flow\" style=\"padding-top:var(--wp--preset--spacing--50);padding-right:var(--wp--preset--spacing--70);padding-bottom:var(--wp--preset--spacing--50);padding-left:var(--wp--preset--spacing--70);flex-basis:70%\"><style id=\"wpforms-css-vars-3884-block-1b64ea6e-8c03-4e1a-8d3d-b61c10481494\">\n\t\t\t\t#wpforms-3884.wpforms-block-1b64ea6e-8c03-4e1a-8d3d-b61c10481494 {\n\t\t\t\t--wpforms-button-background-color: #ff6900;\n--wpforms-field-size-input-height: 43px;\n--wpforms-field-size-input-spacing: 15px;\n--wpforms-field-size-font-size: 16px;\n--wpforms-field-size-line-height: 19px;\n--wpforms-field-size-padding-h: 14px;\n--wpforms-field-size-checkbox-size: 16px;\n--wpforms-field-size-sublabel-spacing: 5px;\n--wpforms-field-size-icon-size: 1;\n--wpforms-label-size-font-size: 16px;\n--wpforms-label-size-line-height: 19px;\n--wpforms-label-size-sublabel-font-size: 14px;\n--wpforms-label-size-sublabel-line-height: 17px;\n--wpforms-button-size-font-size: 17px;\n--wpforms-button-size-height: 41px;\n--wpforms-button-size-padding-h: 15px;\n--wpforms-button-size-margin-top: 10px;\n--wpforms-container-shadow-size-box-shadow: none;\n\t\t\t}\n\t\t\t<\/style><div class=\"wpforms-container wpforms-container-full wpforms-block wpforms-block-1b64ea6e-8c03-4e1a-8d3d-b61c10481494 wpforms-render-modern\" id=\"wpforms-3884\"><form id=\"wpforms-form-3884\" class=\"wpforms-validate wpforms-form wpforms-ajax-form\" data-formid=\"3884\" method=\"post\" enctype=\"multipart\/form-data\" action=\"\/en\/wp-json\/wp\/v2\/pages\/4288\" data-token=\"6232907db9aeb3e9b9680e09c8e876f4\" data-token-time=\"1775650632\"><div class=\"wpforms-head-container\"><div class=\"wpforms-title\">Chiedi Informazioni<\/div><div class=\"wpforms-description\">Hai bisogno di un preventivo? Un&#8217;informazione tecnica? Compila questo modulo e ti ricontatteremo nel pi\u00f9 breve tempo possibile.<\/div><\/div><noscript class=\"wpforms-error-noscript\">Please enable JavaScript in your browser to complete this form.<\/noscript><div id=\"wpforms-error-noscript\" style=\"display: none;\">Please enable JavaScript in your browser to complete this form.<\/div><div class=\"wpforms-field-container\"><div id=\"wpforms-3884-field_10-container\" class=\"wpforms-field wpforms-field-radio wpforms-list-inline wpforms-conditional-trigger\" data-field-type=\"radio\" data-field-id=\"10\"><fieldset><legend class=\"wpforms-field-label\">Sei un cliente privato o un&#039;azienda?<\/legend><ul id=\"wpforms-3884-field_10\" class=\"wpforms-icon-choices wpforms-icon-choices-default wpforms-icon-choices-small\" style=\"--wpforms-icon-choices-color: #066aab;\"><li class=\"choice-1 depth-1 wpforms-icon-choices-item wpforms-selected\"><label class=\"wpforms-field-label-inline\" for=\"wpforms-3884-field_10_1\">\n\t\t\t\t<span class=\"wpforms-icon-choices-icon\">\n\t\t\t\t\t<svg xmlns=\"http:\/\/www.w3.org\/2000\/svg\" width=\"40\" height=\"32\" viewBox=\"0 0 320 512\"><!--! Font Awesome Free 6.4.0 by @fontawesome - https:\/\/fontawesome.com License - https:\/\/fontawesome.com\/license\/free (Icons: CC BY 4.0, Fonts: SIL OFL 1.1, Code: MIT License) Copyright 2023 Fonticons, Inc. --><path d=\"M112 48a48 48 0 1 1 96 0 48 48 0 1 1 -96 0zm40 304V480c0 17.7-14.3 32-32 32s-32-14.3-32-32V256.9L59.4 304.5c-9.1 15.1-28.8 20-43.9 10.9s-20-28.8-10.9-43.9l58.3-97c17.4-28.9 48.6-46.6 82.3-46.6h29.7c33.7 0 64.9 17.7 82.3 46.6l58.3 97c9.1 15.1 4.2 34.8-10.9 43.9s-34.8 4.2-43.9-10.9L232 256.9V480c0 17.7-14.3 32-32 32s-32-14.3-32-32V352H152z\"\/><\/svg>\n\t\t\t\t\t<span class=\"wpforms-icon-choices-icon-bg\"><\/span>\n\t\t\t\t<\/span>\n\t\t\t\t<input type=\"radio\" id=\"wpforms-3884-field_10_1\" class=\"wpforms-screen-reader-element\" name=\"wpforms[fields][10]\" value=\"Privato\" aria-errormessage=\"wpforms-3884-field_10_1-error\"   checked='checked'>\n\t\t\t\t<span class=\"wpforms-icon-choices-label\">Privato<\/span>\n\t\t\t<\/label><\/li><li class=\"choice-3 depth-1 wpforms-icon-choices-item\"><label class=\"wpforms-field-label-inline\" for=\"wpforms-3884-field_10_3\">\n\t\t\t\t<span class=\"wpforms-icon-choices-icon\">\n\t\t\t\t\t<svg xmlns=\"http:\/\/www.w3.org\/2000\/svg\" width=\"40\" height=\"32\" viewBox=\"0 0 576 512\"><!--! Font Awesome Free 6.4.0 by @fontawesome - https:\/\/fontawesome.com License - https:\/\/fontawesome.com\/license\/free (Icons: CC BY 4.0, Fonts: SIL OFL 1.1, Code: MIT License) Copyright 2023 Fonticons, Inc. --><path d=\"M413.5 237.5c-28.2 4.8-58.2-3.6-80-25.4l-38.1-38.1C280.4 159 272 138.8 272 117.6V105.5L192.3 62c-5.3-2.9-8.6-8.6-8.3-14.7s3.9-11.5 9.5-14l47.2-21C259.1 4.2 279 0 299.2 0h18.1c36.7 0 72 14 98.7 39.1l44.6 42c24.2 22.8 33.2 55.7 26.6 86L503 183l8-8c9.4-9.4 24.6-9.4 33.9 0l24 24c9.4 9.4 9.4 24.6 0 33.9l-88 88c-9.4 9.4-24.6 9.4-33.9 0l-24-24c-9.4-9.4-9.4-24.6 0-33.9l8-8-17.5-17.5zM27.4 377.1L260.9 182.6c3.5 4.9 7.5 9.6 11.8 14l38.1 38.1c6 6 12.4 11.2 19.2 15.7L134.9 484.6c-14.5 17.4-36 27.4-58.6 27.4C34.1 512 0 477.8 0 435.7c0-22.6 10.1-44.1 27.4-58.6z\"\/><\/svg>\n\t\t\t\t\t<span class=\"wpforms-icon-choices-icon-bg\"><\/span>\n\t\t\t\t<\/span>\n\t\t\t\t<input type=\"radio\" id=\"wpforms-3884-field_10_3\" class=\"wpforms-screen-reader-element\" name=\"wpforms[fields][10]\" value=\"Professionista\" aria-errormessage=\"wpforms-3884-field_10_3-error\"  >\n\t\t\t\t<span class=\"wpforms-icon-choices-label\">Professionista<\/span>\n\t\t\t<\/label><\/li><li class=\"choice-2 depth-1 wpforms-icon-choices-item\"><label class=\"wpforms-field-label-inline\" for=\"wpforms-3884-field_10_2\">\n\t\t\t\t<span class=\"wpforms-icon-choices-icon\">\n\t\t\t\t\t<svg xmlns=\"http:\/\/www.w3.org\/2000\/svg\" width=\"40\" height=\"32\" viewBox=\"0 0 384 512\"><!--! Font Awesome Free 6.4.0 by @fontawesome - https:\/\/fontawesome.com License - https:\/\/fontawesome.com\/license\/free (Icons: CC BY 4.0, Fonts: SIL OFL 1.1, Code: MIT License) Copyright 2023 Fonticons, Inc. --><path d=\"M48 0C21.5 0 0 21.5 0 48V464c0 26.5 21.5 48 48 48h96V432c0-26.5 21.5-48 48-48s48 21.5 48 48v80h96c26.5 0 48-21.5 48-48V48c0-26.5-21.5-48-48-48H48zM64 240c0-8.8 7.2-16 16-16h32c8.8 0 16 7.2 16 16v32c0 8.8-7.2 16-16 16H80c-8.8 0-16-7.2-16-16V240zm112-16h32c8.8 0 16 7.2 16 16v32c0 8.8-7.2 16-16 16H176c-8.8 0-16-7.2-16-16V240c0-8.8 7.2-16 16-16zm80 16c0-8.8 7.2-16 16-16h32c8.8 0 16 7.2 16 16v32c0 8.8-7.2 16-16 16H272c-8.8 0-16-7.2-16-16V240zM80 96h32c8.8 0 16 7.2 16 16v32c0 8.8-7.2 16-16 16H80c-8.8 0-16-7.2-16-16V112c0-8.8 7.2-16 16-16zm80 16c0-8.8 7.2-16 16-16h32c8.8 0 16 7.2 16 16v32c0 8.8-7.2 16-16 16H176c-8.8 0-16-7.2-16-16V112zM272 96h32c8.8 0 16 7.2 16 16v32c0 8.8-7.2 16-16 16H272c-8.8 0-16-7.2-16-16V112c0-8.8 7.2-16 16-16z\"\/><\/svg>\n\t\t\t\t\t<span class=\"wpforms-icon-choices-icon-bg\"><\/span>\n\t\t\t\t<\/span>\n\t\t\t\t<input type=\"radio\" id=\"wpforms-3884-field_10_2\" class=\"wpforms-screen-reader-element\" name=\"wpforms[fields][10]\" value=\"Azienda\" aria-errormessage=\"wpforms-3884-field_10_2-error\"  >\n\t\t\t\t<span class=\"wpforms-icon-choices-label\">Azienda<\/span>\n\t\t\t<\/label><\/li><li class=\"choice-4 depth-1 wpforms-icon-choices-item\"><label class=\"wpforms-field-label-inline\" for=\"wpforms-3884-field_10_4\">\n\t\t\t\t<span class=\"wpforms-icon-choices-icon\">\n\t\t\t\t\t<svg xmlns=\"http:\/\/www.w3.org\/2000\/svg\" width=\"40\" height=\"32\" viewBox=\"0 0 640 512\"><!--! Font Awesome Free 6.4.0 by @fontawesome - https:\/\/fontawesome.com License - https:\/\/fontawesome.com\/license\/free (Icons: CC BY 4.0, Fonts: SIL OFL 1.1, Code: MIT License) Copyright 2023 Fonticons, Inc. --><path d=\"M48 0C21.5 0 0 21.5 0 48V464c0 26.5 21.5 48 48 48h96V432c0-26.5 21.5-48 48-48s48 21.5 48 48v80h89.9c-6.3-10.2-9.9-22.2-9.9-35.1c0-46.9 25.8-87.8 64-109.2V271.8 48c0-26.5-21.5-48-48-48H48zM64 240c0-8.8 7.2-16 16-16h32c8.8 0 16 7.2 16 16v32c0 8.8-7.2 16-16 16H80c-8.8 0-16-7.2-16-16V240zm112-16h32c8.8 0 16 7.2 16 16v32c0 8.8-7.2 16-16 16H176c-8.8 0-16-7.2-16-16V240c0-8.8 7.2-16 16-16zm80 16c0-8.8 7.2-16 16-16h32c8.8 0 16 7.2 16 16v32c0 8.8-7.2 16-16 16H272c-8.8 0-16-7.2-16-16V240zM80 96h32c8.8 0 16 7.2 16 16v32c0 8.8-7.2 16-16 16H80c-8.8 0-16-7.2-16-16V112c0-8.8 7.2-16 16-16zm80 16c0-8.8 7.2-16 16-16h32c8.8 0 16 7.2 16 16v32c0 8.8-7.2 16-16 16H176c-8.8 0-16-7.2-16-16V112zM272 96h32c8.8 0 16 7.2 16 16v32c0 8.8-7.2 16-16 16H272c-8.8 0-16-7.2-16-16V112c0-8.8 7.2-16 16-16zM576 272a80 80 0 1 0 -160 0 80 80 0 1 0 160 0zM352 477.1c0 19.3 15.6 34.9 34.9 34.9H605.1c19.3 0 34.9-15.6 34.9-34.9c0-51.4-41.7-93.1-93.1-93.1H445.1c-51.4 0-93.1 41.7-93.1 93.1z\"\/><\/svg>\n\t\t\t\t\t<span class=\"wpforms-icon-choices-icon-bg\"><\/span>\n\t\t\t\t<\/span>\n\t\t\t\t<input type=\"radio\" id=\"wpforms-3884-field_10_4\" class=\"wpforms-screen-reader-element\" name=\"wpforms[fields][10]\" value=\"Ente\" aria-errormessage=\"wpforms-3884-field_10_4-error\"  >\n\t\t\t\t<span class=\"wpforms-icon-choices-label\">Ente<\/span>\n\t\t\t<\/label><\/li><\/ul><\/fieldset><\/div><div id=\"wpforms-3884-field_8-container\" class=\"wpforms-field wpforms-field-name\" data-field-type=\"name\" data-field-id=\"8\"><fieldset><legend class=\"wpforms-field-label\">Nome <span class=\"wpforms-required-label\" aria-hidden=\"true\">*<\/span><\/legend><div class=\"wpforms-field-row wpforms-field-large\"><div class=\"wpforms-field-row-block wpforms-first wpforms-one-half\"><input type=\"text\" id=\"wpforms-3884-field_8\" class=\"wpforms-field-name-first wpforms-field-required\" name=\"wpforms[fields][8][first]\" aria-errormessage=\"wpforms-3884-field_8-error\" required><label for=\"wpforms-3884-field_8\" class=\"wpforms-field-sublabel after\">First<\/label><\/div><div class=\"wpforms-field-row-block wpforms-one-half\"><input type=\"text\" id=\"wpforms-3884-field_8-last\" class=\"wpforms-field-name-last wpforms-field-required\" name=\"wpforms[fields][8][last]\" aria-errormessage=\"wpforms-3884-field_8-last-error\" required><label for=\"wpforms-3884-field_8-last\" class=\"wpforms-field-sublabel after\">Last<\/label><\/div><\/div><\/fieldset><\/div><div id=\"wpforms-3884-field_11-container\" class=\"wpforms-field wpforms-field-text wpforms-conditional-field wpforms-conditional-show\" data-field-type=\"text\" data-field-id=\"11\" style=\"display:none;\"><label class=\"wpforms-field-label\" for=\"wpforms-3884-field_11\">Ragione sociale<\/label><input type=\"text\" id=\"wpforms-3884-field_11\" class=\"wpforms-field-large\" name=\"wpforms[fields][11]\" aria-errormessage=\"wpforms-3884-field_11-error\" ><\/div><div id=\"wpforms-3884-field_12-container\" class=\"wpforms-field wpforms-field-text wpforms-conditional-field wpforms-conditional-show\" data-field-type=\"text\" data-field-id=\"12\" style=\"display:none;\"><label class=\"wpforms-field-label\" for=\"wpforms-3884-field_12\">Nome dell&#039;ente<\/label><input type=\"text\" id=\"wpforms-3884-field_12\" class=\"wpforms-field-large\" name=\"wpforms[fields][12]\" aria-errormessage=\"wpforms-3884-field_12-error\" ><\/div><div id=\"wpforms-3884-field_1-container\" class=\"wpforms-field wpforms-field-email\" data-field-type=\"email\" data-field-id=\"1\"><fieldset><legend class=\"wpforms-field-label\">Email <span class=\"wpforms-required-label\" aria-hidden=\"true\">*<\/span><\/legend><div class=\"wpforms-field-row wpforms-field-large\"><div class=\"wpforms-field-row-block wpforms-one-half wpforms-first\"><input type=\"email\" id=\"wpforms-3884-field_1\" class=\"wpforms-field-required wpforms-field-email-primary\" name=\"wpforms[fields][1][primary]\" spellcheck=\"false\" aria-errormessage=\"wpforms-3884-field_1-error\" required><label for=\"wpforms-3884-field_1\" class=\"wpforms-field-sublabel after\">Email<\/label><\/div><div class=\"wpforms-field-row-block wpforms-one-half\"><input type=\"email\" id=\"wpforms-3884-field_1-secondary\" class=\"wpforms-field-email-secondary wpforms-field-required\" data-rule-confirm=\"#wpforms-3884-field_1\" name=\"wpforms[fields][1][secondary]\" spellcheck=\"false\" aria-errormessage=\"wpforms-3884-field_1-secondary-error\" required><label for=\"wpforms-3884-field_1-secondary\" class=\"wpforms-field-sublabel after\">Confirm Email<\/label><\/div><\/div><\/fieldset><\/div><div id=\"wpforms-3884-field_7-container\" class=\"wpforms-field wpforms-field-phone\" data-field-type=\"phone\" data-field-id=\"7\"><label class=\"wpforms-field-label\" for=\"wpforms-3884-field_7\">Telefono <span class=\"wpforms-required-label\" aria-hidden=\"true\">*<\/span><\/label><input type=\"tel\" id=\"wpforms-3884-field_7\" class=\"wpforms-field-large wpforms-field-required\" data-rule-int-phone-field=\"true\" name=\"wpforms[fields][7]\" aria-label=\"Telefono\" aria-errormessage=\"wpforms-3884-field_7-error\" required><\/div><div id=\"wpforms-3884-field_13-container\" class=\"wpforms-field wpforms-field-address\" data-field-type=\"address\" data-field-id=\"13\"><fieldset><legend class=\"wpforms-field-label\">Indirizzo <span class=\"wpforms-required-label\" aria-hidden=\"true\">*<\/span><\/legend><div class=\"wpforms-field-row wpforms-field-large\"><div ><input type=\"text\" id=\"wpforms-3884-field_13\" class=\"wpforms-field-address-address1 wpforms-field-required\" name=\"wpforms[fields][13][address1]\" aria-errormessage=\"wpforms-3884-field_13-error\" required><label for=\"wpforms-3884-field_13\" class=\"wpforms-field-sublabel after\">Address Line 1<\/label><\/div><\/div><div class=\"wpforms-field-row wpforms-field-large\"><div class=\"wpforms-field-row-block wpforms-one-half wpforms-first\"><input type=\"text\" id=\"wpforms-3884-field_13-city\" class=\"wpforms-field-address-city wpforms-field-required\" name=\"wpforms[fields][13][city]\" aria-errormessage=\"wpforms-3884-field_13-city-error\" required><label for=\"wpforms-3884-field_13-city\" class=\"wpforms-field-sublabel after\">City<\/label><\/div><div class=\"wpforms-field-row-block wpforms-one-half\"><input type=\"text\" id=\"wpforms-3884-field_13-state\" class=\"wpforms-field-address-state wpforms-field-required\" name=\"wpforms[fields][13][state]\" aria-errormessage=\"wpforms-3884-field_13-state-error\" required><label for=\"wpforms-3884-field_13-state\" class=\"wpforms-field-sublabel after\">State \/ Province \/ Region<\/label><\/div><\/div><div class=\"wpforms-field-row wpforms-field-large\"><div class=\"wpforms-field-row-block wpforms-one-half wpforms-first\"><input type=\"text\" id=\"wpforms-3884-field_13-postal\" class=\"wpforms-field-address-postal wpforms-field-required\" name=\"wpforms[fields][13][postal]\" aria-errormessage=\"wpforms-3884-field_13-postal-error\" required><label for=\"wpforms-3884-field_13-postal\" class=\"wpforms-field-sublabel after\">Postal Code<\/label><\/div><\/div><\/fieldset><\/div><div id=\"wpforms-3884-field_2-container\" class=\"wpforms-field wpforms-field-textarea\" data-field-type=\"textarea\" data-field-id=\"2\"><label class=\"wpforms-field-label\" for=\"wpforms-3884-field_2\">Richiesta <span class=\"wpforms-required-label\" aria-hidden=\"true\">*<\/span><\/label><textarea id=\"wpforms-3884-field_2\" class=\"wpforms-field-medium wpforms-field-required\" name=\"wpforms[fields][2]\" aria-errormessage=\"wpforms-3884-field_2-error\" required><\/textarea><\/div><div id=\"wpforms-3884-field_9-container\" class=\"wpforms-field wpforms-field-hidden\" data-field-type=\"hidden\" data-field-id=\"9\"><input type=\"hidden\" id=\"wpforms-3884-field_9\" name=\"wpforms[fields][9]\"><\/div><div id=\"wpforms-3884-field_4-container\" class=\"wpforms-field wpforms-field-checkbox\" data-field-type=\"checkbox\" data-field-id=\"4\"><fieldset><legend class=\"wpforms-field-label\">Infomativa trattamento dati personali <span class=\"wpforms-required-label\" aria-hidden=\"true\">*<\/span><\/legend><ul id=\"wpforms-3884-field_4\" class=\"wpforms-field-required\"><li class=\"choice-1 depth-1\"><input type=\"checkbox\" id=\"wpforms-3884-field_4_1\" name=\"wpforms[fields][4][]\" value=\"Dichiaro di aver letto l\u2019informativa e fornisco il consenso al trattamento dei miei dati personali.\" aria-errormessage=\"wpforms-3884-field_4_1-error\" aria-describedby=\"wpforms-3884-field_4-description\" required ><label class=\"wpforms-field-label-inline\" for=\"wpforms-3884-field_4_1\">Dichiaro di aver letto l\u2019informativa e fornisco il consenso al trattamento dei miei dati personali.<\/label><\/li><\/ul><div id=\"wpforms-3884-field_4-description\" class=\"wpforms-field-description wpforms-disclaimer-description\">Informativa ai sensi dell\u2019art. 13 del Regolamento Europeo sul trattamento dei dai personali 679\/16.<br \/>\nAi sensi dell\u2019art. 13 del Regolamento UE 679\/16, Le vengono fornite le seguenti informazioni sul trattamento di dati che potr\u00e0 avere luogo a seguito della compilazione e dell\u2019invio dei dati presenti nel modulo che sta per compilare. Titolare del trattamento \u00e8 TS POWER S.R.L. con sede legale in via dell\u2019Artigianato n. 35, Bressanvido (VI), contattabile a mezzo e-mail all\u2019indirizzo info@tspower.eu. I dati presenti nel modulo da Lei compilato saranno utilizzati, a seguito della sua espressione del consenso al trattamento dei dati personali, per fornirle i servizi richiesti. La predetta finalit\u00e0 sar\u00e0 perseguita, a seguito della sua espressione del consenso, con le modalit\u00e0 indicate nella pagina di raccolta dei suoi dati; in assenza del consenso la richiesta non sar\u00e0 processabile e non sar\u00e0 possibile fornirle il servizio. Le ricordiamo che i dati contraddistinti dal simbolo *(asterisco) dovranno essere forniti per poter ricevere i servizi richiesti; diversamente la richiesta non potr\u00e0 essere processata. La compilazione degli altri dati presenti nel modulo \u00e8 inizialmente facoltativa e lei \u00e8 libero di valutare se compilarli o meno, ma potr\u00e0 rivelarsi necessaria in un secondo momento per garantire un servizio completo. Potranno venire a conoscenza dei dati da lei comunicati gli addetti al trattamento del Titolare coinvolti nello svolgimento dei servizi da lei richiesti o nella gestione tecnica del sito (limitatamente ai casi in cui ci\u00f2 si dimostri indispensabile) ed eventuali soggetti terzi convolti nello svolgimento delle medesime attivit\u00e0 in qualit\u00e0 di Responsabili del trattamento. Oltre a ci\u00f2, i dati comunicati non saranno oggetto di comunicazione a terzi, restando conosciuti solo all\u2019interno dell\u2019azienda. I dati saranno conservati fino al compimento dei servizi richiesti o alla sua richiesta di cancellazione, e, in caso di necessit\u00e0 organizzative o di obblighi normativi, potranno essere conservati in archivi specifici per il periodo strettamente necessario a tali scopi. Le ricordiamo la facolt\u00e0 di esercizio del diritto di chiedere al titolare del trattamento l&#8217;accesso ai dati personali, la rettifica o la cancellazione degli stessi, o la limitazione del trattamento che la riguarda e di opporsi a tale trattamento, oltre al diritto alla portabilit\u00e0 dei dati; potr\u00e0 esercitare tali diritti utilizzando l\u2019indirizzo privacy@telesystemgroup.com. Il consenso manifestato potr\u00e0 essere revocato in qualsiasi momento contattando il Titolare all\u2019indirizzo indicato. Le ricordiamo, inoltre, la facolt\u00e0 di rivolgersi per presentare un reclamo all\u2019Autorit\u00e0 di controllo, in Italia rappresentata dal Garante per la protezione dei dati personali (www.garanteprivacy.it). Informazioni ulteriori sul Titolare del trattamento e sulle modalit\u00e0 di svolgimento dei trattamenti conseguenti alla navigazione in questo sito sono consultabili alla pagina in cui viene presentata la Privacy Policy del sito stesso.<\/div><\/fieldset><\/div><\/div><!-- .wpforms-field-container --><div class=\"wpforms-recaptcha-container wpforms-is-recaptcha wpforms-is-recaptcha-type-v3\" ><input type=\"hidden\" name=\"wpforms[recaptcha]\" value=\"\"><\/div><div class=\"wpforms-submit-container\" ><input type=\"hidden\" name=\"wpforms[id]\" value=\"3884\"><input type=\"hidden\" name=\"page_title\" value=\"\"><input type=\"hidden\" name=\"page_url\" value=\"https:\/\/tspower.eu\/en\/wp-json\/wp\/v2\/pages\/4288\"><input type=\"hidden\" name=\"url_referer\" value=\"\"><button type=\"submit\" name=\"wpforms[submit]\" id=\"wpforms-submit-3884\" class=\"wpforms-submit\" data-alt-text=\"Invio in corso...\" data-submit-text=\"Invia la richiesta\" aria-live=\"assertive\" value=\"wpforms-submit\">Invia la richiesta<\/button><img decoding=\"async\" src=\"https:\/\/tspower.eu\/wp-content\/plugins\/wpforms\/assets\/images\/submit-spin.svg\" class=\"wpforms-submit-spinner\" style=\"display: none;\" width=\"26\" height=\"26\" alt=\"Loading\"><\/div><\/form><\/div>  <!-- .wpforms-container --><\/div>\n<\/div>\n","protected":false},"excerpt":{"rendered":"","protected":false},"author":1,"featured_media":0,"parent":0,"menu_order":25,"comment_status":"closed","ping_status":"closed","template":"","meta":{"footnotes":""},"class_list":["post-4288","page","type-page","status-publish","hentry","zita-woo-hover-none","zita-woo-alignment-left","zita-shadow-","zita-shadow-hover-","zita-single-product-content-left","zita-single-product-tab-horizontal"],"_links":{"self":[{"href":"https:\/\/tspower.eu\/en\/wp-json\/wp\/v2\/pages\/4288","targetHints":{"allow":["GET"]}}],"collection":[{"href":"https:\/\/tspower.eu\/en\/wp-json\/wp\/v2\/pages"}],"about":[{"href":"https:\/\/tspower.eu\/en\/wp-json\/wp\/v2\/types\/page"}],"author":[{"embeddable":true,"href":"https:\/\/tspower.eu\/en\/wp-json\/wp\/v2\/users\/1"}],"replies":[{"embeddable":true,"href":"https:\/\/tspower.eu\/en\/wp-json\/wp\/v2\/comments?post=4288"}],"version-history":[{"count":0,"href":"https:\/\/tspower.eu\/en\/wp-json\/wp\/v2\/pages\/4288\/revisions"}],"wp:attachment":[{"href":"https:\/\/tspower.eu\/en\/wp-json\/wp\/v2\/media?parent=4288"}],"curies":[{"name":"wp","href":"https:\/\/api.w.org\/{rel}","templated":true}]}}